{"id":8270,"date":"2022-04-25T11:25:25","date_gmt":"2022-04-25T09:25:25","guid":{"rendered":"https:\/\/www.medcontour-sylt.de\/cms\/?page_id=8270"},"modified":"2022-04-26T21:15:55","modified_gmt":"2022-04-26T19:15:55","slug":"anfrage","status":"publish","type":"page","link":"https:\/\/www.medcontour-sylt.de\/cms\/anfrage\/","title":{"rendered":"Kontakt-Anfrage"},"content":{"rendered":"<section class=\"l-section wpb_row bg_nb height_custom\"><div class=\"l-section-h i-cf\"><div class=\"g-cols vc_row via_grid cols_1 laptops-cols_inherit tablets-cols_inherit mobiles-cols_1 valign_top type_default stacking_default\"><div class=\"wpb_column vc_column_container\"><div class=\"vc_column-inner\"><div class=\"w-separator size_medium\"><\/div><div class=\"wpb_text_column\"><div class=\"wpb_wrapper\"><h2 style=\"text-align: center;\">ALLGEMEINE ANFRAGE<\/h2>\n<\/div><\/div><div class=\"w-separator size_medium\"><\/div><div class=\"wpb_text_column\"><div class=\"wpb_wrapper\"><h4 style=\"text-align: center;\">Wir freuen uns auf Ihre Anfrage!<\/h4>\n<\/div><\/div><div class=\"w-separator size_medium\"><\/div><div class=\"g-cols wpb_row via_grid cols_custom laptops-cols_inherit tablets-cols_inherit mobiles-cols_1 valign_top type_default stacking_default\" style=\"--columns-gap:3rem;--custom-columns:1fr 4fr 1fr \"><div class=\"wpb_column vc_column_container\"><div class=\"vc_column-inner\"><\/div><\/div><div class=\"wpb_column vc_column_container\"><div class=\"vc_column-inner\"><div class=\"wpb_text_column\"><div class=\"wpb_wrapper\"><p style=\"text-align: center;\">\n<div class=\"wpcf7 no-js\" id=\"wpcf7-f6-o1\" lang=\"de-DE\" dir=\"ltr\" data-wpcf7-id=\"6\">\n<div class=\"screen-reader-response\"><p role=\"status\" aria-live=\"polite\" aria-atomic=\"true\"><\/p> <ul><\/ul><\/div>\n<form action=\"\/cms\/wp-json\/wp\/v2\/pages\/8270#wpcf7-f6-o1\" method=\"post\" class=\"wpcf7-form init\" aria-label=\"Kontaktformular\" novalidate=\"novalidate\" data-status=\"init\">\n<fieldset class=\"hidden-fields-container\"><input type=\"hidden\" name=\"_wpcf7\" value=\"6\" \/><input type=\"hidden\" name=\"_wpcf7_version\" value=\"6.1.5\" \/><input type=\"hidden\" name=\"_wpcf7_locale\" value=\"de_DE\" \/><input type=\"hidden\" name=\"_wpcf7_unit_tag\" value=\"wpcf7-f6-o1\" \/><input type=\"hidden\" name=\"_wpcf7_container_post\" value=\"0\" \/><input type=\"hidden\" name=\"_wpcf7_posted_data_hash\" value=\"\" \/>\n<\/fieldset>\n<p><label> Vollst\u00e4ndiger Name* <span class=\"wpcf7-form-control-wrap\" data-name=\"your-name\"><input size=\"40\" maxlength=\"400\" class=\"wpcf7-form-control wpcf7-text wpcf7-validates-as-required\" aria-required=\"true\" aria-invalid=\"false\" value=\"\" type=\"text\" name=\"your-name\" \/><\/span> <\/label>\n<\/p>\n<p><label> Telefonnummer* <span class=\"wpcf7-form-control-wrap\" data-name=\"Telefon\"><input size=\"40\" maxlength=\"400\" class=\"wpcf7-form-control wpcf7-tel wpcf7-validates-as-required wpcf7-text wpcf7-validates-as-tel\" aria-required=\"true\" aria-invalid=\"false\" value=\"\" type=\"tel\" name=\"Telefon\" \/><\/span> <\/label>\n<\/p>\n<p><label> Ihre E-Mail-Adresse* <span class=\"wpcf7-form-control-wrap\" data-name=\"your-email\"><input size=\"40\" maxlength=\"400\" class=\"wpcf7-form-control wpcf7-email wpcf7-validates-as-required wpcf7-text wpcf7-validates-as-email\" aria-required=\"true\" aria-invalid=\"false\" value=\"\" type=\"email\" name=\"your-email\" \/><\/span> <\/label>\n<\/p>\n<p><label> Ihre Nachricht an uns* <span class=\"wpcf7-form-control-wrap\" data-name=\"your-message\"><textarea cols=\"40\" rows=\"10\" maxlength=\"2000\" class=\"wpcf7-form-control wpcf7-textarea\" aria-invalid=\"false\" name=\"your-message\"><\/textarea><\/span> <\/label>\n<\/p>\n<p><span class=\"wpcf7-form-control-wrap\" data-name=\"dsgvo\"><span class=\"wpcf7-form-control wpcf7-checkbox wpcf7-validates-as-required\"><span class=\"wpcf7-list-item first last\"><label><input type=\"checkbox\" name=\"dsgvo[]\" value=\"Mit dem Versenden Ihrer Nachricht erkl\u00e4ren Sie sich mit unserer Datenschutzerkl\u00e4rung einverstanden.\" \/><span class=\"wpcf7-list-item-label\">Mit dem Versenden Ihrer Nachricht erkl\u00e4ren Sie sich mit unserer Datenschutzerkl\u00e4rung einverstanden.<\/span><\/label><\/span><\/span><\/span><br \/>\n<span id=\"wpcf7-69fc69cc9c5dc-wrapper\" class=\"wpcf7-form-control-wrap name-16-wrap\" style=\"display:none !important; visibility:hidden !important;\"><input type=\"hidden\" name=\"name-16-time-start\" value=\"1778149836\"><input type=\"hidden\" name=\"name-16-time-check\" value=\"4\"><label for=\"wpcf7-69fc69cc9c5dc-field\" class=\"hp-message\">Bitte lasse dieses Feld leer.<\/label><input id=\"wpcf7-69fc69cc9c5dc-field\"  class=\"wpcf7-form-control wpcf7-text\" type=\"text\" name=\"name-16\" value=\"\" size=\"40\" tabindex=\"-1\" autocomplete=\"new-password\" \/><\/span>\n<\/p>\n<p><label>Sie erhalten eine Kopie der Anfrage an Ihre angegebene E-Mail-Adresse. Falls Sie keine Nachricht erhalten haben, pr\u00fcfen Sie bitte zun\u00e4chst Ihren Spam-Ordner.<br \/>\n<input class=\"wpcf7-form-control wpcf7-submit has-spinner\" type=\"submit\" value=\"Senden\" \/><\/label>\n<\/p><div class=\"wpcf7-response-output\" aria-hidden=\"true\"><\/div>\n<\/form>\n<\/div>\n<\/div><\/div><\/div><\/div><div class=\"wpb_column vc_column_container\"><div class=\"vc_column-inner\"><\/div><\/div><\/div><div class=\"w-separator size_medium\"><\/div><\/div><\/div><\/div><\/div><\/section>\n","protected":false},"excerpt":{"rendered":"ALLGEMEINE ANFRAGE Wir freuen uns auf Ihre Anfrage! Vollst\u00e4ndiger Name* Telefonnummer* Ihre E-Mail-Adresse* Ihre Nachricht an uns* Mit dem Versenden Ihrer Nachricht erkl\u00e4ren Sie sich mit unserer Datenschutzerkl\u00e4rung einverstanden. Bitte lasse dieses Feld leer. Sie erhalten eine Kopie der Anfrage an Ihre angegebene E-Mail-Adresse. Falls Sie keine Nachricht erhalten haben, pr\u00fcfen Sie bitte zun\u00e4chst Ihren...","protected":false},"author":1,"featured_media":0,"parent":0,"menu_order":0,"comment_status":"closed","ping_status":"closed","template":"","meta":{"footnotes":""},"class_list":["post-8270","page","type-page","status-publish","hentry"],"_links":{"self":[{"href":"https:\/\/www.medcontour-sylt.de\/cms\/wp-json\/wp\/v2\/pages\/8270","targetHints":{"allow":["GET"]}}],"collection":[{"href":"https:\/\/www.medcontour-sylt.de\/cms\/wp-json\/wp\/v2\/pages"}],"about":[{"href":"https:\/\/www.medcontour-sylt.de\/cms\/wp-json\/wp\/v2\/types\/page"}],"author":[{"embeddable":true,"href":"https:\/\/www.medcontour-sylt.de\/cms\/wp-json\/wp\/v2\/users\/1"}],"replies":[{"embeddable":true,"href":"https:\/\/www.medcontour-sylt.de\/cms\/wp-json\/wp\/v2\/comments?post=8270"}],"version-history":[{"count":7,"href":"https:\/\/www.medcontour-sylt.de\/cms\/wp-json\/wp\/v2\/pages\/8270\/revisions"}],"predecessor-version":[{"id":8426,"href":"https:\/\/www.medcontour-sylt.de\/cms\/wp-json\/wp\/v2\/pages\/8270\/revisions\/8426"}],"wp:attachment":[{"href":"https:\/\/www.medcontour-sylt.de\/cms\/wp-json\/wp\/v2\/media?parent=8270"}],"curies":[{"name":"wp","href":"https:\/\/api.w.org\/{rel}","templated":true}]}}