{"id":8277,"date":"2022-04-25T11:37:28","date_gmt":"2022-04-25T09:37:28","guid":{"rendered":"https:\/\/www.medcontour-sylt.de\/cms\/?page_id=8277"},"modified":"2022-04-26T21:15:22","modified_gmt":"2022-04-26T19:15:22","slug":"termin","status":"publish","type":"page","link":"https:\/\/www.medcontour-sylt.de\/cms\/termin\/","title":{"rendered":"Kontakt-Termin"},"content":{"rendered":"<section class=\"l-section wpb_row bg_nb height_custom\"><div class=\"l-section-h i-cf\"><div class=\"g-cols vc_row via_grid cols_1 laptops-cols_inherit tablets-cols_inherit mobiles-cols_1 valign_top type_default stacking_default\"><div class=\"wpb_column vc_column_container\"><div class=\"vc_column-inner\"><div class=\"w-separator size_medium\"><\/div><div class=\"wpb_text_column\"><div class=\"wpb_wrapper\"><h2 style=\"text-align: center;\">TERMINANFRAGE<\/h2>\n<\/div><\/div><div class=\"w-separator size_medium\"><\/div><div class=\"wpb_text_column\"><div class=\"wpb_wrapper\"><h4 style=\"text-align: center;\">Bitte stellen Sie hier Ihre unverbindliche Anfrage.<br \/>\nWir best\u00e4tigen Ihren Terminwunsch schnellstm\u00f6glichst und freuen uns auf den Kontakt.<\/h4>\n<\/div><\/div><div class=\"w-separator size_medium\"><\/div><div class=\"g-cols wpb_row via_grid cols_custom laptops-cols_inherit tablets-cols_inherit mobiles-cols_1 valign_top type_default stacking_default\" style=\"--columns-gap:3rem;--custom-columns:1fr 4fr 1fr \"><div class=\"wpb_column vc_column_container\"><div class=\"vc_column-inner\"><\/div><\/div><div class=\"wpb_column vc_column_container\"><div class=\"vc_column-inner\"><div class=\"wpb_text_column\"><div class=\"wpb_wrapper\"><p style=\"text-align: center;\">\n<div class=\"wpcf7 no-js\" id=\"wpcf7-f8093-o1\" lang=\"de-DE\" dir=\"ltr\" data-wpcf7-id=\"8093\">\n<div class=\"screen-reader-response\"><p role=\"status\" aria-live=\"polite\" aria-atomic=\"true\"><\/p> <ul><\/ul><\/div>\n<form action=\"\/cms\/wp-json\/wp\/v2\/pages\/8277#wpcf7-f8093-o1\" method=\"post\" class=\"wpcf7-form init\" aria-label=\"Kontaktformular\" novalidate=\"novalidate\" data-status=\"init\">\n<fieldset class=\"hidden-fields-container\"><input type=\"hidden\" name=\"_wpcf7\" value=\"8093\" \/><input type=\"hidden\" name=\"_wpcf7_version\" value=\"6.1.5\" \/><input type=\"hidden\" name=\"_wpcf7_locale\" value=\"de_DE\" \/><input type=\"hidden\" name=\"_wpcf7_unit_tag\" value=\"wpcf7-f8093-o1\" \/><input type=\"hidden\" name=\"_wpcf7_container_post\" value=\"0\" \/><input type=\"hidden\" name=\"_wpcf7_posted_data_hash\" value=\"\" \/>\n<\/fieldset>\n<p><label>Vollst\u00e4ndiger Name* <span class=\"wpcf7-form-control-wrap\" data-name=\"your-name\"><input size=\"40\" maxlength=\"400\" class=\"wpcf7-form-control wpcf7-text wpcf7-validates-as-required\" aria-required=\"true\" aria-invalid=\"false\" value=\"\" type=\"text\" name=\"your-name\" \/><\/span> <\/label>\n<\/p>\n<p><label>Telefonnummer* <span class=\"wpcf7-form-control-wrap\" data-name=\"Telefon\"><input size=\"40\" maxlength=\"400\" class=\"wpcf7-form-control wpcf7-tel wpcf7-validates-as-required wpcf7-text wpcf7-validates-as-tel\" aria-required=\"true\" aria-invalid=\"false\" value=\"\" type=\"tel\" name=\"Telefon\" \/><\/span> <\/label>\n<\/p>\n<p><label>Ihre E-Mail-Adresse* <span class=\"wpcf7-form-control-wrap\" data-name=\"your-email\"><input size=\"40\" maxlength=\"400\" class=\"wpcf7-form-control wpcf7-email wpcf7-validates-as-required wpcf7-text wpcf7-validates-as-email\" aria-required=\"true\" aria-invalid=\"false\" value=\"\" type=\"email\" name=\"your-email\" \/><\/span> <\/label>\n<\/p>\n<p><label>Gew\u00fcnschte Behandlung<br \/>\n<small>Sollte Ihre gew\u00fcnschte Behandlung nicht aufgef\u00fchrt sein dann schreiben Sie uns Ihren Wunsch bitte in das zus\u00e4tzliche Textfeld weiter unten.<\/small> <span class=\"wpcf7-form-control-wrap\" data-name=\"menu-368\"><select class=\"wpcf7-form-control wpcf7-select\" aria-invalid=\"false\" name=\"menu-368\"><option value=\"\">&#8211; Bitte ausw\u00e4hlen &#8211;<\/option><option value=\"Vital-Bodywrap \u00bbPremium plus\u00ab\">Vital-Bodywrap \u00bbPremium plus\u00ab<\/option><option value=\"Vital-Bodywrap \u00bbPremium\u00ab\">Vital-Bodywrap \u00bbPremium\u00ab<\/option><option value=\"Vital-Bodywrap \u00bbde Luxe plus\u00ab\">Vital-Bodywrap \u00bbde Luxe plus\u00ab<\/option><option value=\"Vital-Bodywrap \u00bbde Luxe\u00ab\">Vital-Bodywrap \u00bbde Luxe\u00ab<\/option><option value=\"Vital-Bodywrap \u00bbbasic plus plus\u00ab\">Vital-Bodywrap \u00bbbasic plus plus\u00ab<\/option><option value=\"Vital-Bodywrap \u00bbbasic plus\u00ab\">Vital-Bodywrap \u00bbbasic plus\u00ab<\/option><option value=\"Vital-Bodywrap \u00bbbasic\u00ab\">Vital-Bodywrap \u00bbbasic\u00ab<\/option><option value=\"Meso-Therapie\">Meso-Therapie<\/option><option value=\"Shape Perfection Bindegewebs-Massage\">Shape Perfection Bindegewebs-Massage<\/option><option value=\"-gew\u00fcnschte Behandlung ist nicht aufgef\u00fchrt-\">-gew\u00fcnschte Behandlung ist nicht aufgef\u00fchrt-<\/option><\/select><\/span><\/label>\n<\/p>\n<p><label>Gew\u00fcnschtes Datum* <span class=\"wpcf7-form-control-wrap\" data-name=\"Datum\"><input class=\"wpcf7-form-control wpcf7-date wpcf7-validates-as-required wpcf7-validates-as-date\" aria-required=\"true\" aria-invalid=\"false\" value=\"\" type=\"date\" name=\"Datum\" \/><\/span><\/label>\n<\/p>\n<p>Bitte geben Sie ein gew\u00fcnschtes Zeitfenster an*<br \/>\n<span class=\"wpcf7-form-control-wrap\" data-name=\"Zeitraum\"><span class=\"wpcf7-form-control wpcf7-checkbox wpcf7-validates-as-required\"><span class=\"wpcf7-list-item first\"><label><input type=\"checkbox\" name=\"Zeitraum[]\" value=\"vormittags\" \/><span class=\"wpcf7-list-item-label\">vormittags<\/span><\/label><\/span><span class=\"wpcf7-list-item last\"><label><input type=\"checkbox\" name=\"Zeitraum[]\" value=\"nachmittags\" \/><span class=\"wpcf7-list-item-label\">nachmittags<\/span><\/label><\/span><\/span><\/span>\n<\/p>\n<p><label>Zus\u00e4tzliche Nachricht an uns <span class=\"wpcf7-form-control-wrap\" data-name=\"your-message\"><textarea cols=\"40\" rows=\"10\" maxlength=\"2000\" class=\"wpcf7-form-control wpcf7-textarea\" aria-invalid=\"false\" name=\"your-message\"><\/textarea><\/span> <\/label>\n<\/p>\n<p><span class=\"wpcf7-form-control-wrap\" data-name=\"dsgvo\"><span class=\"wpcf7-form-control wpcf7-checkbox wpcf7-validates-as-required\"><span class=\"wpcf7-list-item first last\"><label><input type=\"checkbox\" name=\"dsgvo[]\" value=\"Mit dem Versenden Ihrer Nachricht erkl\u00e4ren Sie sich mit unserer Datenschutzerkl\u00e4rung einverstanden.\" \/><span class=\"wpcf7-list-item-label\">Mit dem Versenden Ihrer Nachricht erkl\u00e4ren Sie sich mit unserer Datenschutzerkl\u00e4rung einverstanden.<\/span><\/label><\/span><\/span><\/span>\n<\/p>\n<p><span id=\"wpcf7-69f2d6280f836-wrapper\" class=\"wpcf7-form-control-wrap name-18-wrap\" style=\"display:none !important; visibility:hidden !important;\"><input type=\"hidden\" name=\"name-18-time-start\" value=\"1777522216\"><input type=\"hidden\" name=\"name-18-time-check\" value=\"4\"><label for=\"wpcf7-69f2d6280f836-field\" class=\"hp-message\">Bitte lasse dieses Feld leer.<\/label><input id=\"wpcf7-69f2d6280f836-field\"  class=\"wpcf7-form-control wpcf7-text\" type=\"text\" name=\"name-18\" value=\"\" size=\"40\" tabindex=\"-1\" autocomplete=\"new-password\" \/><\/span>\n<\/p>\n<p><label>Sie erhalten eine Kopie dieser Anfrage an Ihre angegebene E-Mail-Adresse. Falls Sie keine Nachricht erhalten haben, pr\u00fcfen Sie bitte zun\u00e4chst Ihren Spam-Ordner.<br \/>\n<input class=\"wpcf7-form-control wpcf7-submit has-spinner\" type=\"submit\" value=\"Senden\" \/><\/label>\n<\/p><div class=\"wpcf7-response-output\" aria-hidden=\"true\"><\/div>\n<\/form>\n<\/div>\n<\/div><\/div><\/div><\/div><div class=\"wpb_column vc_column_container\"><div class=\"vc_column-inner\"><\/div><\/div><\/div><div class=\"w-separator size_medium\"><\/div><\/div><\/div><\/div><\/div><\/section>\n","protected":false},"excerpt":{"rendered":"TERMINANFRAGE Bitte stellen Sie hier Ihre unverbindliche Anfrage. Wir best\u00e4tigen Ihren Terminwunsch schnellstm\u00f6glichst und freuen uns auf den Kontakt. Vollst\u00e4ndiger Name* Telefonnummer* Ihre E-Mail-Adresse* Gew\u00fcnschte Behandlung Sollte Ihre gew\u00fcnschte Behandlung nicht aufgef\u00fchrt sein dann schreiben Sie uns Ihren Wunsch bitte in das zus\u00e4tzliche Textfeld weiter unten. &#8211; Bitte ausw\u00e4hlen &#8211;Vital-Bodywrap \u00bbPremium plus\u00abVital-Bodywrap \u00bbPremium\u00abVital-Bodywrap \u00bbde Luxe...","protected":false},"author":1,"featured_media":0,"parent":0,"menu_order":0,"comment_status":"closed","ping_status":"closed","template":"","meta":{"footnotes":""},"class_list":["post-8277","page","type-page","status-publish","hentry"],"_links":{"self":[{"href":"https:\/\/www.medcontour-sylt.de\/cms\/wp-json\/wp\/v2\/pages\/8277","targetHints":{"allow":["GET"]}}],"collection":[{"href":"https:\/\/www.medcontour-sylt.de\/cms\/wp-json\/wp\/v2\/pages"}],"about":[{"href":"https:\/\/www.medcontour-sylt.de\/cms\/wp-json\/wp\/v2\/types\/page"}],"author":[{"embeddable":true,"href":"https:\/\/www.medcontour-sylt.de\/cms\/wp-json\/wp\/v2\/users\/1"}],"replies":[{"embeddable":true,"href":"https:\/\/www.medcontour-sylt.de\/cms\/wp-json\/wp\/v2\/comments?post=8277"}],"version-history":[{"count":5,"href":"https:\/\/www.medcontour-sylt.de\/cms\/wp-json\/wp\/v2\/pages\/8277\/revisions"}],"predecessor-version":[{"id":8425,"href":"https:\/\/www.medcontour-sylt.de\/cms\/wp-json\/wp\/v2\/pages\/8277\/revisions\/8425"}],"wp:attachment":[{"href":"https:\/\/www.medcontour-sylt.de\/cms\/wp-json\/wp\/v2\/media?parent=8277"}],"curies":[{"name":"wp","href":"https:\/\/api.w.org\/{rel}","templated":true}]}}